{"id":3910,"date":"2025-05-02T12:24:34","date_gmt":"2025-05-02T17:24:34","guid":{"rendered":"https:\/\/vasospublicitariosperu.com\/tienda\/posavasos-de-corcho-2\/"},"modified":"2026-04-10T15:28:27","modified_gmt":"2026-04-10T20:28:27","slug":"posavasos-de-corcho-2","status":"publish","type":"product","link":"https:\/\/vasospublicitariosperu.com\/tienda\/posavasos-de-corcho-2\/","title":{"rendered":"POSAVASOS DE CORCHO"},"content":{"rendered":"<p>MATERIAL: Corcho natural, ecol\u00f3gico y resistente, ideal para absorber la humedad y proteger superficies. Su textura antideslizante lo convierte en una opci\u00f3n funcional y est\u00e9tica para cualquier entorno.<\/p>\n<p>MEDIDA: 9 cm de di\u00e1metro, tama\u00f1o cl\u00e1sico que se adapta c\u00f3modamente a todo tipo de vasos y tazas.<\/p>\n<p>ACCESORIOS: No incluye accesorios, ofreciendo un dise\u00f1o sencillo, pr\u00e1ctico y f\u00e1cil de apilar o almacenar.<\/p>\n<p>IMPRESI\u00d3N: Serigraf\u00eda unicolor, ideal para personalizar con logotipos o mensajes promocionales de forma clara y duradera.<\/p>\n<p>ACABADO: Presentaci\u00f3n en paquete de 100 unidades, ideal para campa\u00f1as publicitarias, eventos o uso continuo en negocios.<\/p>\n<hr \/>\n<p>MATERIAL: CORCHO<br \/>\nMEDIDA: 9CM DIAMETRO<br \/>\nACCESORIO: N\/A<br \/>\nIMPRESION: SERIGRAFIA UNICOLOR<br \/>\nACABADO:  PAQUETE 100 UNID<\/p>\n<hr \/>\n","protected":false},"excerpt":{"rendered":"<p>MATERIAL: Corcho natural, ecol\u00f3gico y resistente, ideal para absorber la humedad y proteger superficies. Su textura antideslizante lo convierte en una opci\u00f3n funcional y est\u00e9tica para cualquier entorno.<\/p>\n<p>MEDIDA: 9 cm de di\u00e1metro, tama\u00f1o cl\u00e1sico que se adapta c\u00f3modamente a todo tipo de vasos y tazas.<\/p>\n<p>ACCESORIOS: No incluye accesorios, ofreciendo un dise\u00f1o sencillo, pr\u00e1ctico y f\u00e1cil de apilar o almacenar.<\/p>\n<p>IMPRESI\u00d3N: Serigraf\u00eda unicolor, ideal para personalizar con logotipos o mensajes promocionales de forma clara y duradera.<\/p>\n<p>ACABADO: Presentaci\u00f3n en paquete de 100 unidades, ideal para campa\u00f1as publicitarias, eventos o uso continuo en negocios.<\/p>\n","protected":false},"featured_media":3911,"comment_status":"closed","ping_status":"open","template":"","meta":[],"product_brand":[],"product_cat":[70],"product_tag":[],"class_list":{"0":"post-3910","1":"product","2":"type-product","3":"status-publish","4":"has-post-thumbnail","6":"product_cat-catalogo-2025","8":"first","9":"instock","10":"product-type-simple"},"_links":{"self":[{"href":"https:\/\/vasospublicitariosperu.com\/tienda\/wp-json\/wp\/v2\/product\/3910","targetHints":{"allow":["GET"]}}],"collection":[{"href":"https:\/\/vasospublicitariosperu.com\/tienda\/wp-json\/wp\/v2\/product"}],"about":[{"href":"https:\/\/vasospublicitariosperu.com\/tienda\/wp-json\/wp\/v2\/types\/product"}],"replies":[{"embeddable":true,"href":"https:\/\/vasospublicitariosperu.com\/tienda\/wp-json\/wp\/v2\/comments?post=3910"}],"wp:featuredmedia":[{"embeddable":true,"href":"https:\/\/vasospublicitariosperu.com\/tienda\/wp-json\/wp\/v2\/media\/3911"}],"wp:attachment":[{"href":"https:\/\/vasospublicitariosperu.com\/tienda\/wp-json\/wp\/v2\/media?parent=3910"}],"wp:term":[{"taxonomy":"product_brand","embeddable":true,"href":"https:\/\/vasospublicitariosperu.com\/tienda\/wp-json\/wp\/v2\/product_brand?post=3910"},{"taxonomy":"product_cat","embeddable":true,"href":"https:\/\/vasospublicitariosperu.com\/tienda\/wp-json\/wp\/v2\/product_cat?post=3910"},{"taxonomy":"product_tag","embeddable":true,"href":"https:\/\/vasospublicitariosperu.com\/tienda\/wp-json\/wp\/v2\/product_tag?post=3910"}],"curies":[{"name":"wp","href":"https:\/\/api.w.org\/{rel}","templated":true}]}}