{"id":3959,"date":"2025-05-02T12:28:08","date_gmt":"2025-05-02T17:28:08","guid":{"rendered":"https:\/\/vasospublicitariosperu.com\/tienda\/vaso-cachito-liso-150ml\/"},"modified":"2026-04-10T15:28:26","modified_gmt":"2026-04-10T20:28:26","slug":"vaso-cachito-liso-150ml","status":"publish","type":"product","link":"https:\/\/vasospublicitariosperu.com\/tienda\/vaso-cachito-liso-150ml\/","title":{"rendered":"VASO CACHITO LISO 150ML"},"content":{"rendered":"<p>MATERIAL: Pl\u00e1stico, ligero y resistente, ideal para bebidas fr\u00edas o calientes. Su estructura lo hace duradero y apto para uso en eventos, reuniones o consumo diario.<\/p>\n<p>MEDIDAS: 5 onzas (aproximadamente 150 ml), una capacidad perfecta para servir peque\u00f1as porciones de bebidas, jugos o postres.<\/p>\n<p>ACCESORIOS: No incluye accesorios adicionales, lo que lo convierte en una opci\u00f3n pr\u00e1ctica y funcional para quienes buscan simplicidad.<\/p>\n<p>IMPRESI\u00d3N: No incluye impresi\u00f3n, manteniendo un dise\u00f1o liso y limpio que permite su uso vers\u00e1til para diversos fines.<\/p>\n<p>ACABADO: Sin acabado adicional, lo que hace de este vaso una opci\u00f3n accesible y f\u00e1cil de almacenar o transportar.<\/p>\n<hr \/>\n<p>MATERIAL: PLASTICO<br \/>\nMEDIDAS: 5 ONZ APROX<br \/>\nACCESORIO: N\/A<br \/>\nIMPRESI\u00d3N: N\/A<br \/>\nACABADO: N\/A<\/p>\n<hr \/>\n","protected":false},"excerpt":{"rendered":"<p>MATERIAL: Pl\u00e1stico, ligero y resistente, ideal para bebidas fr\u00edas o calientes. Su estructura lo hace duradero y apto para uso en eventos, reuniones o consumo diario.<\/p>\n<p>MEDIDAS: 5 onzas (aproximadamente 150 ml), una capacidad perfecta para servir peque\u00f1as porciones de bebidas, jugos o postres.<\/p>\n<p>ACCESORIOS: No incluye accesorios adicionales, lo que lo convierte en una opci\u00f3n pr\u00e1ctica y funcional para quienes buscan simplicidad.<\/p>\n<p>IMPRESI\u00d3N: No incluye impresi\u00f3n, manteniendo un dise\u00f1o liso y limpio que permite su uso vers\u00e1til para diversos fines.<\/p>\n<p>ACABADO: Sin acabado adicional, lo que hace de este vaso una opci\u00f3n accesible y f\u00e1cil de almacenar o transportar.<\/p>\n","protected":false},"featured_media":3960,"comment_status":"closed","ping_status":"open","template":"","meta":[],"product_brand":[],"product_cat":[70],"product_tag":[],"class_list":{"0":"post-3959","1":"product","2":"type-product","3":"status-publish","4":"has-post-thumbnail","6":"product_cat-catalogo-2025","8":"first","9":"instock","10":"product-type-simple"},"_links":{"self":[{"href":"https:\/\/vasospublicitariosperu.com\/tienda\/wp-json\/wp\/v2\/product\/3959","targetHints":{"allow":["GET"]}}],"collection":[{"href":"https:\/\/vasospublicitariosperu.com\/tienda\/wp-json\/wp\/v2\/product"}],"about":[{"href":"https:\/\/vasospublicitariosperu.com\/tienda\/wp-json\/wp\/v2\/types\/product"}],"replies":[{"embeddable":true,"href":"https:\/\/vasospublicitariosperu.com\/tienda\/wp-json\/wp\/v2\/comments?post=3959"}],"wp:featuredmedia":[{"embeddable":true,"href":"https:\/\/vasospublicitariosperu.com\/tienda\/wp-json\/wp\/v2\/media\/3960"}],"wp:attachment":[{"href":"https:\/\/vasospublicitariosperu.com\/tienda\/wp-json\/wp\/v2\/media?parent=3959"}],"wp:term":[{"taxonomy":"product_brand","embeddable":true,"href":"https:\/\/vasospublicitariosperu.com\/tienda\/wp-json\/wp\/v2\/product_brand?post=3959"},{"taxonomy":"product_cat","embeddable":true,"href":"https:\/\/vasospublicitariosperu.com\/tienda\/wp-json\/wp\/v2\/product_cat?post=3959"},{"taxonomy":"product_tag","embeddable":true,"href":"https:\/\/vasospublicitariosperu.com\/tienda\/wp-json\/wp\/v2\/product_tag?post=3959"}],"curies":[{"name":"wp","href":"https:\/\/api.w.org\/{rel}","templated":true}]}}