{"id":3963,"date":"2025-05-02T12:28:08","date_gmt":"2025-05-02T17:28:08","guid":{"rendered":"https:\/\/vasospublicitariosperu.com\/tienda\/vaso-kero-12onz-colores\/"},"modified":"2026-04-10T15:28:26","modified_gmt":"2026-04-10T20:28:26","slug":"vaso-kero-12onz-colores","status":"publish","type":"product","link":"https:\/\/vasospublicitariosperu.com\/tienda\/vaso-kero-12onz-colores\/","title":{"rendered":"VASO KERO 12ONZ COLORES"},"content":{"rendered":"<p>MATERIAL: Polipropileno, un material resistente y duradero, ideal para uso diario. Su ligereza y versatilidad lo hacen perfecto para bebidas fr\u00edas o calientes, garantizando una larga vida \u00fatil.<\/p>\n<p>CAPACIDAD: 12 onzas, una medida ideal para servir una variedad de bebidas como jugos, refrescos o caf\u00e9s. Perfecto para el consumo individual en cualquier ocasi\u00f3n.<\/p>\n<p>ACCESORIOS: No incluye accesorios adicionales, lo que lo hace a\u00fan m\u00e1s pr\u00e1ctico y f\u00e1cil de almacenar.<\/p>\n<p>IMPRESI\u00d3N: Serigraf\u00eda de un solo color, permitiendo personalizar el vaso con logos, mensajes o dise\u00f1os sencillos de manera clara y duradera.<\/p>\n<p>ACABADO: Sin acabado adicional, lo que mantiene el producto funcional y accesible, con un dise\u00f1o simple y efectivo.<\/p>\n<hr \/>\n<p>MATERIAL: POLIPROPILENO<br \/>\nCAPACIDAD: 12 ONZ<br \/>\nACCESORIO: N\/A<br \/>\nIMPRESI\u00d3N: SERIGRAFIA 1 COLOR<br \/>\nACABADO: N\/A<\/p>\n<hr \/>\n","protected":false},"excerpt":{"rendered":"<p>MATERIAL: Polipropileno, un material resistente y duradero, ideal para uso diario. Su ligereza y versatilidad lo hacen perfecto para bebidas fr\u00edas o calientes, garantizando una larga vida \u00fatil.<\/p>\n<p>CAPACIDAD: 12 onzas, una medida ideal para servir una variedad de bebidas como jugos, refrescos o caf\u00e9s. Perfecto para el consumo individual en cualquier ocasi\u00f3n.<\/p>\n<p>ACCESORIOS: No incluye accesorios adicionales, lo que lo hace a\u00fan m\u00e1s pr\u00e1ctico y f\u00e1cil de almacenar.<\/p>\n<p>IMPRESI\u00d3N: Serigraf\u00eda de un solo color, permitiendo personalizar el vaso con logos, mensajes o dise\u00f1os sencillos de manera clara y duradera.<\/p>\n<p>ACABADO: Sin acabado adicional, lo que mantiene el producto funcional y accesible, con un dise\u00f1o simple y efectivo.<\/p>\n","protected":false},"featured_media":3964,"comment_status":"closed","ping_status":"open","template":"","meta":[],"product_brand":[],"product_cat":[70],"product_tag":[],"class_list":{"0":"post-3963","1":"product","2":"type-product","3":"status-publish","4":"has-post-thumbnail","6":"product_cat-catalogo-2025","8":"first","9":"instock","10":"product-type-simple"},"_links":{"self":[{"href":"https:\/\/vasospublicitariosperu.com\/tienda\/wp-json\/wp\/v2\/product\/3963","targetHints":{"allow":["GET"]}}],"collection":[{"href":"https:\/\/vasospublicitariosperu.com\/tienda\/wp-json\/wp\/v2\/product"}],"about":[{"href":"https:\/\/vasospublicitariosperu.com\/tienda\/wp-json\/wp\/v2\/types\/product"}],"replies":[{"embeddable":true,"href":"https:\/\/vasospublicitariosperu.com\/tienda\/wp-json\/wp\/v2\/comments?post=3963"}],"wp:featuredmedia":[{"embeddable":true,"href":"https:\/\/vasospublicitariosperu.com\/tienda\/wp-json\/wp\/v2\/media\/3964"}],"wp:attachment":[{"href":"https:\/\/vasospublicitariosperu.com\/tienda\/wp-json\/wp\/v2\/media?parent=3963"}],"wp:term":[{"taxonomy":"product_brand","embeddable":true,"href":"https:\/\/vasospublicitariosperu.com\/tienda\/wp-json\/wp\/v2\/product_brand?post=3963"},{"taxonomy":"product_cat","embeddable":true,"href":"https:\/\/vasospublicitariosperu.com\/tienda\/wp-json\/wp\/v2\/product_cat?post=3963"},{"taxonomy":"product_tag","embeddable":true,"href":"https:\/\/vasospublicitariosperu.com\/tienda\/wp-json\/wp\/v2\/product_tag?post=3963"}],"curies":[{"name":"wp","href":"https:\/\/api.w.org\/{rel}","templated":true}]}}