{"id":3967,"date":"2025-05-02T12:28:08","date_gmt":"2025-05-02T17:28:08","guid":{"rendered":"https:\/\/vasospublicitariosperu.com\/tienda\/botella-de-pisco-personalizado\/"},"modified":"2026-04-10T15:28:26","modified_gmt":"2026-04-10T20:28:26","slug":"botella-de-pisco-personalizado","status":"publish","type":"product","link":"https:\/\/vasospublicitariosperu.com\/tienda\/botella-de-pisco-personalizado\/","title":{"rendered":"BOTELLA DE PISCO PERSONALIZADO"},"content":{"rendered":"<p>MATERIAL: Vidrio de alta calidad, perfecto para mantener la bebida a temperatura adecuada y preservar su sabor. Su resistencia y aspecto elegante lo convierten en una opci\u00f3n ideal para productos premium como el pisco.<\/p>\n<p>MEDIDAS: 30 cm de altura por 8.5 cm de di\u00e1metro, un tama\u00f1o adecuado para una botella de 550 ml, proporcionando un dise\u00f1o estilizado y f\u00e1cil de manejar.<\/p>\n<p>CAPACIDAD: 550 ml, ideal para una cantidad est\u00e1ndar de pisco, perfecto para compartir o disfrutar de manera individual.<\/p>\n<p>IMPRESI\u00d3N: Serigraf\u00eda en dos colores, permitiendo una personalizaci\u00f3n detallada y profesional, ideal para reflejar la identidad de la marca o agregar un toque exclusivo a la botella.<\/p>\n<p>ACABADO: Sin acabado adicional, manteniendo un dise\u00f1o limpio y elegante que resalta la calidad del vidrio y la personalizaci\u00f3n.<\/p>\n<hr \/>\n<p>MATERIAL: VIDRIO<br \/>\nMEDIDA: 30 CM * 8.5 CM<br \/>\nCAPACIDAD: 550 ML<br \/>\nIMPRESI\u00d3N: SERIGRAFIA 2 COLORES<br \/>\nACABADO: N\/A<\/p>\n<hr \/>\n","protected":false},"excerpt":{"rendered":"<p>MATERIAL: Vidrio de alta calidad, perfecto para mantener la bebida a temperatura adecuada y preservar su sabor. Su resistencia y aspecto elegante lo convierten en una opci\u00f3n ideal para productos premium como el pisco.<\/p>\n<p>MEDIDAS: 30 cm de altura por 8.5 cm de di\u00e1metro, un tama\u00f1o adecuado para una botella de 550 ml, proporcionando un dise\u00f1o estilizado y f\u00e1cil de manejar.<\/p>\n<p>CAPACIDAD: 550 ml, ideal para una cantidad est\u00e1ndar de pisco, perfecto para compartir o disfrutar de manera individual.<\/p>\n<p>IMPRESI\u00d3N: Serigraf\u00eda en dos colores, permitiendo una personalizaci\u00f3n detallada y profesional, ideal para reflejar la identidad de la marca o agregar un toque exclusivo a la botella.<\/p>\n<p>ACABADO: Sin acabado adicional, manteniendo un dise\u00f1o limpio y elegante que resalta la calidad del vidrio y la personalizaci\u00f3n.<\/p>\n","protected":false},"featured_media":3968,"comment_status":"closed","ping_status":"open","template":"","meta":[],"product_brand":[],"product_cat":[70],"product_tag":[],"class_list":{"0":"post-3967","1":"product","2":"type-product","3":"status-publish","4":"has-post-thumbnail","6":"product_cat-catalogo-2025","8":"first","9":"instock","10":"purchasable","11":"product-type-simple"},"_links":{"self":[{"href":"https:\/\/vasospublicitariosperu.com\/tienda\/wp-json\/wp\/v2\/product\/3967","targetHints":{"allow":["GET"]}}],"collection":[{"href":"https:\/\/vasospublicitariosperu.com\/tienda\/wp-json\/wp\/v2\/product"}],"about":[{"href":"https:\/\/vasospublicitariosperu.com\/tienda\/wp-json\/wp\/v2\/types\/product"}],"replies":[{"embeddable":true,"href":"https:\/\/vasospublicitariosperu.com\/tienda\/wp-json\/wp\/v2\/comments?post=3967"}],"wp:featuredmedia":[{"embeddable":true,"href":"https:\/\/vasospublicitariosperu.com\/tienda\/wp-json\/wp\/v2\/media\/3968"}],"wp:attachment":[{"href":"https:\/\/vasospublicitariosperu.com\/tienda\/wp-json\/wp\/v2\/media?parent=3967"}],"wp:term":[{"taxonomy":"product_brand","embeddable":true,"href":"https:\/\/vasospublicitariosperu.com\/tienda\/wp-json\/wp\/v2\/product_brand?post=3967"},{"taxonomy":"product_cat","embeddable":true,"href":"https:\/\/vasospublicitariosperu.com\/tienda\/wp-json\/wp\/v2\/product_cat?post=3967"},{"taxonomy":"product_tag","embeddable":true,"href":"https:\/\/vasospublicitariosperu.com\/tienda\/wp-json\/wp\/v2\/product_tag?post=3967"}],"curies":[{"name":"wp","href":"https:\/\/api.w.org\/{rel}","templated":true}]}}