{"id":3983,"date":"2025-05-02T12:29:07","date_gmt":"2025-05-02T17:29:07","guid":{"rendered":"https:\/\/vasospublicitariosperu.com\/tienda\/jarro-fibra-de-trigo-350-ml\/"},"modified":"2026-04-10T15:28:26","modified_gmt":"2026-04-10T20:28:26","slug":"jarro-fibra-de-trigo-350-ml","status":"publish","type":"product","link":"https:\/\/vasospublicitariosperu.com\/tienda\/jarro-fibra-de-trigo-350-ml\/","title":{"rendered":"JARRO FIBRA DE TRIGO 350 ml"},"content":{"rendered":"<p>MATERIAL: Fibra de trigo, un material ecol\u00f3gico y resistente, ideal para quienes buscan una opci\u00f3n sostenible. Perfecto para bebidas fr\u00edas o calientes, con una mayor durabilidad y respeto por el medio ambiente.<\/p>\n<p>CAPACIDAD: 350 ml, ideal para una porci\u00f3n moderada de bebidas, perfecto para uso diario en oficinas, hogares o eventos.<\/p>\n<p>MEDIDAS: Altura de 12 cm y un ancho de 6 cm, con un dise\u00f1o c\u00f3modo y funcional que facilita su uso.<\/p>\n<p>DESCRIPCI\u00d3N: Hecho de fibra de trigo, este jarro ofrece una alternativa ecol\u00f3gica y pr\u00e1ctica para quienes buscan productos duraderos y amigables con el medio ambiente.<\/p>\n<hr \/>\n<p>Medidas:Altura: 12 cm  Ancho: 6 cm                                                                        Descripci\u00f3n:Material Fibra de Trigo con capacidad 350 ml.<\/p>\n<hr \/>\n","protected":false},"excerpt":{"rendered":"<p>MATERIAL: Fibra de trigo, un material ecol\u00f3gico y resistente, ideal para quienes buscan una opci\u00f3n sostenible. Perfecto para bebidas fr\u00edas o calientes, con una mayor durabilidad y respeto por el medio ambiente.<\/p>\n<p>CAPACIDAD: 350 ml, ideal para una porci\u00f3n moderada de bebidas, perfecto para uso diario en oficinas, hogares o eventos.<\/p>\n<p>MEDIDAS: Altura de 12 cm y un ancho de 6 cm, con un dise\u00f1o c\u00f3modo y funcional que facilita su uso.<\/p>\n<p>DESCRIPCI\u00d3N: Hecho de fibra de trigo, este jarro ofrece una alternativa ecol\u00f3gica y pr\u00e1ctica para quienes buscan productos duraderos y amigables con el medio ambiente.<\/p>\n","protected":false},"featured_media":3984,"comment_status":"closed","ping_status":"open","template":"","meta":[],"product_brand":[],"product_cat":[70],"product_tag":[],"class_list":{"0":"post-3983","1":"product","2":"type-product","3":"status-publish","4":"has-post-thumbnail","6":"product_cat-catalogo-2025","8":"first","9":"instock","10":"purchasable","11":"product-type-simple"},"_links":{"self":[{"href":"https:\/\/vasospublicitariosperu.com\/tienda\/wp-json\/wp\/v2\/product\/3983","targetHints":{"allow":["GET"]}}],"collection":[{"href":"https:\/\/vasospublicitariosperu.com\/tienda\/wp-json\/wp\/v2\/product"}],"about":[{"href":"https:\/\/vasospublicitariosperu.com\/tienda\/wp-json\/wp\/v2\/types\/product"}],"replies":[{"embeddable":true,"href":"https:\/\/vasospublicitariosperu.com\/tienda\/wp-json\/wp\/v2\/comments?post=3983"}],"wp:featuredmedia":[{"embeddable":true,"href":"https:\/\/vasospublicitariosperu.com\/tienda\/wp-json\/wp\/v2\/media\/3984"}],"wp:attachment":[{"href":"https:\/\/vasospublicitariosperu.com\/tienda\/wp-json\/wp\/v2\/media?parent=3983"}],"wp:term":[{"taxonomy":"product_brand","embeddable":true,"href":"https:\/\/vasospublicitariosperu.com\/tienda\/wp-json\/wp\/v2\/product_brand?post=3983"},{"taxonomy":"product_cat","embeddable":true,"href":"https:\/\/vasospublicitariosperu.com\/tienda\/wp-json\/wp\/v2\/product_cat?post=3983"},{"taxonomy":"product_tag","embeddable":true,"href":"https:\/\/vasospublicitariosperu.com\/tienda\/wp-json\/wp\/v2\/product_tag?post=3983"}],"curies":[{"name":"wp","href":"https:\/\/api.w.org\/{rel}","templated":true}]}}