{"id":3987,"date":"2025-05-02T12:29:07","date_gmt":"2025-05-02T17:29:07","guid":{"rendered":"https:\/\/vasospublicitariosperu.com\/tienda\/jarro-fibra-de-trigo-280ml\/"},"modified":"2026-04-10T15:28:26","modified_gmt":"2026-04-10T20:28:26","slug":"jarro-fibra-de-trigo-280ml","status":"publish","type":"product","link":"https:\/\/vasospublicitariosperu.com\/tienda\/jarro-fibra-de-trigo-280ml\/","title":{"rendered":"JARRO FIBRA DE TRIGO 280ml"},"content":{"rendered":"<p>MATERIAL: Fibra de trigo, un material ecol\u00f3gico y resistente que ofrece una opci\u00f3n sostenible para quienes buscan productos amigables con el medio ambiente, sin comprometer la calidad.<\/p>\n<p>CAPACIDAD: 280 ml, ideal para porciones m\u00e1s peque\u00f1as de bebidas, perfecto para un uso diario c\u00f3modo y pr\u00e1ctico.<\/p>\n<p>MEDIDAS: Altura de 16.2 cm y un ancho de 6 cm, con un dise\u00f1o estilizado que proporciona un agarre c\u00f3modo y f\u00e1cil de usar.<\/p>\n<p>DESCRIPCI\u00d3N: Hecho de fibra de trigo, un material ecol\u00f3gico que promueve la sostenibilidad mientras mantiene la durabilidad y funcionalidad del producto.<\/p>\n<hr \/>\n<p>Medida Aprox.  Altura: 16.2 cm  Ancho: 6.cm<br \/>\nCapacidad: 280 ml                                                                                                             Descripci\u00f3n:  Fibra deTrigo<\/p>\n<hr \/>\n","protected":false},"excerpt":{"rendered":"<p>MATERIAL: Fibra de trigo, un material ecol\u00f3gico y resistente que ofrece una opci\u00f3n sostenible para quienes buscan productos amigables con el medio ambiente, sin comprometer la calidad.<\/p>\n<p>CAPACIDAD: 280 ml, ideal para porciones m\u00e1s peque\u00f1as de bebidas, perfecto para un uso diario c\u00f3modo y pr\u00e1ctico.<\/p>\n<p>MEDIDAS: Altura de 16.2 cm y un ancho de 6 cm, con un dise\u00f1o estilizado que proporciona un agarre c\u00f3modo y f\u00e1cil de usar.<\/p>\n<p>DESCRIPCI\u00d3N: Hecho de fibra de trigo, un material ecol\u00f3gico que promueve la sostenibilidad mientras mantiene la durabilidad y funcionalidad del producto.<\/p>\n","protected":false},"featured_media":3988,"comment_status":"closed","ping_status":"open","template":"","meta":[],"product_brand":[],"product_cat":[70],"product_tag":[],"class_list":{"0":"post-3987","1":"product","2":"type-product","3":"status-publish","4":"has-post-thumbnail","6":"product_cat-catalogo-2025","8":"first","9":"instock","10":"purchasable","11":"product-type-simple"},"_links":{"self":[{"href":"https:\/\/vasospublicitariosperu.com\/tienda\/wp-json\/wp\/v2\/product\/3987","targetHints":{"allow":["GET"]}}],"collection":[{"href":"https:\/\/vasospublicitariosperu.com\/tienda\/wp-json\/wp\/v2\/product"}],"about":[{"href":"https:\/\/vasospublicitariosperu.com\/tienda\/wp-json\/wp\/v2\/types\/product"}],"replies":[{"embeddable":true,"href":"https:\/\/vasospublicitariosperu.com\/tienda\/wp-json\/wp\/v2\/comments?post=3987"}],"wp:featuredmedia":[{"embeddable":true,"href":"https:\/\/vasospublicitariosperu.com\/tienda\/wp-json\/wp\/v2\/media\/3988"}],"wp:attachment":[{"href":"https:\/\/vasospublicitariosperu.com\/tienda\/wp-json\/wp\/v2\/media?parent=3987"}],"wp:term":[{"taxonomy":"product_brand","embeddable":true,"href":"https:\/\/vasospublicitariosperu.com\/tienda\/wp-json\/wp\/v2\/product_brand?post=3987"},{"taxonomy":"product_cat","embeddable":true,"href":"https:\/\/vasospublicitariosperu.com\/tienda\/wp-json\/wp\/v2\/product_cat?post=3987"},{"taxonomy":"product_tag","embeddable":true,"href":"https:\/\/vasospublicitariosperu.com\/tienda\/wp-json\/wp\/v2\/product_tag?post=3987"}],"curies":[{"name":"wp","href":"https:\/\/api.w.org\/{rel}","templated":true}]}}