{"id":4011,"date":"2025-05-02T12:30:59","date_gmt":"2025-05-02T17:30:59","guid":{"rendered":"https:\/\/vasospublicitariosperu.com\/tienda\/taza-blanca-para-sublimacion-color-interior\/"},"modified":"2026-04-10T15:28:26","modified_gmt":"2026-04-10T20:28:26","slug":"taza-blanca-para-sublimacion-color-interior","status":"publish","type":"product","link":"https:\/\/vasospublicitariosperu.com\/tienda\/taza-blanca-para-sublimacion-color-interior\/","title":{"rendered":"TAZA BLANCA PARA SUBLIMACI\u00d3N COLOR INTERIOR"},"content":{"rendered":"<p>MATERIAL: Cer\u00e1mica de alta calidad, ideal para personalizar mediante sublimaci\u00f3n, ofreciendo una superficie perfecta para transferir im\u00e1genes, logos o mensajes.<\/p>\n<p>CAPACIDAD: 11 oz (aproximadamente 325 ml), perfecta para bebidas calientes como caf\u00e9, t\u00e9 o chocolate.<\/p>\n<p>MEDIDAS: Alto de 9.6 cm y di\u00e1metro de 8.1 cm, con un dise\u00f1o c\u00f3modo y ergon\u00f3mico para el uso diario.<\/p>\n<p>DESCRIPCI\u00d3N: Taza blanca con interior de colores vibrantes, ideal para sublimaci\u00f3n. Disponible en varios colores: azul, verde, rojo, negro y naranja, permitiendo personalizaciones atractivas y \u00fanicas para cada ocasi\u00f3n.<\/p>\n<hr \/>\n<p>Medidas: Alto: 9.6 cm. Di\u00e1metro: 8.1 cm.<br \/>\nDescripci\u00f3n: Taza blanca, interior de colores para sublimaci\u00f3n de 11oz. grado AA.<br \/>\nColores: Azul, Verde, Rojo, Negro y Naranja.<\/p>\n<hr \/>\n","protected":false},"excerpt":{"rendered":"<p>MATERIAL: Cer\u00e1mica de alta calidad, ideal para personalizar mediante sublimaci\u00f3n, ofreciendo una superficie perfecta para transferir im\u00e1genes, logos o mensajes.<\/p>\n<p>CAPACIDAD: 11 oz (aproximadamente 325 ml), perfecta para bebidas calientes como caf\u00e9, t\u00e9 o chocolate.<\/p>\n<p>MEDIDAS: Alto de 9.6 cm y di\u00e1metro de 8.1 cm, con un dise\u00f1o c\u00f3modo y ergon\u00f3mico para el uso diario.<\/p>\n<p>DESCRIPCI\u00d3N: Taza blanca con interior de colores vibrantes, ideal para sublimaci\u00f3n. Disponible en varios colores: azul, verde, rojo, negro y naranja, permitiendo personalizaciones atractivas y \u00fanicas para cada ocasi\u00f3n.<\/p>\n","protected":false},"featured_media":4012,"comment_status":"closed","ping_status":"open","template":"","meta":[],"product_brand":[],"product_cat":[70],"product_tag":[],"class_list":{"0":"post-4011","1":"product","2":"type-product","3":"status-publish","4":"has-post-thumbnail","6":"product_cat-catalogo-2025","8":"first","9":"instock","10":"purchasable","11":"product-type-simple"},"_links":{"self":[{"href":"https:\/\/vasospublicitariosperu.com\/tienda\/wp-json\/wp\/v2\/product\/4011","targetHints":{"allow":["GET"]}}],"collection":[{"href":"https:\/\/vasospublicitariosperu.com\/tienda\/wp-json\/wp\/v2\/product"}],"about":[{"href":"https:\/\/vasospublicitariosperu.com\/tienda\/wp-json\/wp\/v2\/types\/product"}],"replies":[{"embeddable":true,"href":"https:\/\/vasospublicitariosperu.com\/tienda\/wp-json\/wp\/v2\/comments?post=4011"}],"wp:featuredmedia":[{"embeddable":true,"href":"https:\/\/vasospublicitariosperu.com\/tienda\/wp-json\/wp\/v2\/media\/4012"}],"wp:attachment":[{"href":"https:\/\/vasospublicitariosperu.com\/tienda\/wp-json\/wp\/v2\/media?parent=4011"}],"wp:term":[{"taxonomy":"product_brand","embeddable":true,"href":"https:\/\/vasospublicitariosperu.com\/tienda\/wp-json\/wp\/v2\/product_brand?post=4011"},{"taxonomy":"product_cat","embeddable":true,"href":"https:\/\/vasospublicitariosperu.com\/tienda\/wp-json\/wp\/v2\/product_cat?post=4011"},{"taxonomy":"product_tag","embeddable":true,"href":"https:\/\/vasospublicitariosperu.com\/tienda\/wp-json\/wp\/v2\/product_tag?post=4011"}],"curies":[{"name":"wp","href":"https:\/\/api.w.org\/{rel}","templated":true}]}}