{"id":4015,"date":"2025-05-02T12:30:59","date_gmt":"2025-05-02T17:30:59","guid":{"rendered":"https:\/\/vasospublicitariosperu.com\/tienda\/taza-magica-con-brillo\/"},"modified":"2026-04-10T15:28:26","modified_gmt":"2026-04-10T20:28:26","slug":"taza-magica-con-brillo","status":"publish","type":"product","link":"https:\/\/vasospublicitariosperu.com\/tienda\/taza-magica-con-brillo\/","title":{"rendered":"TAZA MAGICA CON BRILLO"},"content":{"rendered":"<p>MATERIAL: Cer\u00e1mica de alta calidad, dise\u00f1ada especialmente para sublimaci\u00f3n, con un acabado brillante que hace que las personalizaciones se vean n\u00edtidas y vibrantes.<\/p>\n<p>CAPACIDAD: 11 oz (aproximadamente 325 ml), ideal para bebidas calientes como caf\u00e9, t\u00e9 o chocolate, brindando una experiencia c\u00f3moda de consumo.<\/p>\n<p>MEDIDAS: Alto de 9.5 cm y di\u00e1metro de 8.0 cm, con un dise\u00f1o cl\u00e1sico y ergon\u00f3mico que permite un buen agarre.<\/p>\n<p>DESCRIPCI\u00d3N: Taza m\u00e1gica de sublimaci\u00f3n con acabado brillante, ideal para personalizar con im\u00e1genes, logos o textos. Al aplicarse calor, revela un dise\u00f1o personalizado, creando una experiencia \u00fanica y divertida. Presentaci\u00f3n individual en bolsa de pl\u00e1stico transparente, dentro de una caja de cart\u00f3n color blanco, asegurando un embalaje pr\u00e1ctico y seguro.<\/p>\n<hr \/>\n<p>Medidas: Alto: 9.5 cm. Di\u00e1metro: 8.0 cm.<br \/>\nDescripci\u00f3n: Taza Magica para sublimaci\u00f3n Brilloso  de 11oz. grado AA.<br \/>\nPresentaci\u00f3n del producto:<br \/>\nIndividual en bolsa de pl\u00e1stico transparente dentro de una caja de cart\u00f3n color blanco.<\/p>\n<hr \/>\n","protected":false},"excerpt":{"rendered":"<p>MATERIAL: Cer\u00e1mica de alta calidad, dise\u00f1ada especialmente para sublimaci\u00f3n, con un acabado brillante que hace que las personalizaciones se vean n\u00edtidas y vibrantes.<\/p>\n<p>CAPACIDAD: 11 oz (aproximadamente 325 ml), ideal para bebidas calientes como caf\u00e9, t\u00e9 o chocolate, brindando una experiencia c\u00f3moda de consumo.<\/p>\n<p>MEDIDAS: Alto de 9.5 cm y di\u00e1metro de 8.0 cm, con un dise\u00f1o cl\u00e1sico y ergon\u00f3mico que permite un buen agarre.<\/p>\n<p>DESCRIPCI\u00d3N: Taza m\u00e1gica de sublimaci\u00f3n con acabado brillante, ideal para personalizar con im\u00e1genes, logos o textos. Al aplicarse calor, revela un dise\u00f1o personalizado, creando una experiencia \u00fanica y divertida. Presentaci\u00f3n individual en bolsa de pl\u00e1stico transparente, dentro de una caja de cart\u00f3n color blanco, asegurando un embalaje pr\u00e1ctico y seguro.<\/p>\n","protected":false},"featured_media":4016,"comment_status":"closed","ping_status":"open","template":"","meta":[],"product_brand":[],"product_cat":[70],"product_tag":[],"class_list":{"0":"post-4015","1":"product","2":"type-product","3":"status-publish","4":"has-post-thumbnail","6":"product_cat-catalogo-2025","8":"first","9":"instock","10":"purchasable","11":"product-type-simple"},"_links":{"self":[{"href":"https:\/\/vasospublicitariosperu.com\/tienda\/wp-json\/wp\/v2\/product\/4015","targetHints":{"allow":["GET"]}}],"collection":[{"href":"https:\/\/vasospublicitariosperu.com\/tienda\/wp-json\/wp\/v2\/product"}],"about":[{"href":"https:\/\/vasospublicitariosperu.com\/tienda\/wp-json\/wp\/v2\/types\/product"}],"replies":[{"embeddable":true,"href":"https:\/\/vasospublicitariosperu.com\/tienda\/wp-json\/wp\/v2\/comments?post=4015"}],"wp:featuredmedia":[{"embeddable":true,"href":"https:\/\/vasospublicitariosperu.com\/tienda\/wp-json\/wp\/v2\/media\/4016"}],"wp:attachment":[{"href":"https:\/\/vasospublicitariosperu.com\/tienda\/wp-json\/wp\/v2\/media?parent=4015"}],"wp:term":[{"taxonomy":"product_brand","embeddable":true,"href":"https:\/\/vasospublicitariosperu.com\/tienda\/wp-json\/wp\/v2\/product_brand?post=4015"},{"taxonomy":"product_cat","embeddable":true,"href":"https:\/\/vasospublicitariosperu.com\/tienda\/wp-json\/wp\/v2\/product_cat?post=4015"},{"taxonomy":"product_tag","embeddable":true,"href":"https:\/\/vasospublicitariosperu.com\/tienda\/wp-json\/wp\/v2\/product_tag?post=4015"}],"curies":[{"name":"wp","href":"https:\/\/api.w.org\/{rel}","templated":true}]}}