{"id":4019,"date":"2025-05-02T12:30:59","date_gmt":"2025-05-02T17:30:59","guid":{"rendered":"https:\/\/vasospublicitariosperu.com\/tienda\/tomatodo-metalico\/"},"modified":"2026-04-10T15:28:26","modified_gmt":"2026-04-10T20:28:26","slug":"tomatodo-metalico","status":"publish","type":"product","link":"https:\/\/vasospublicitariosperu.com\/tienda\/tomatodo-metalico\/","title":{"rendered":"TOMATODO METALICO"},"content":{"rendered":"<p>MATERIAL: Aluminio de alta calidad, con una tapa de pl\u00e1stico negro y sujetador de clip met\u00e1lico que combina perfectamente con el color del tomatodo, ofreciendo una apariencia moderna y resistente.<\/p>\n<p>CAPACIDAD: 540 ml, ideal para mantener tus bebidas a la temperatura ideal durante m\u00e1s tiempo y con una capacidad perfecta para el uso diario.<\/p>\n<p>MEDIDAS: Altura de 20.5 cm y di\u00e1metro de 6.5 cm, con un dise\u00f1o estilizado y c\u00f3modo para llevarlo a cualquier lugar.<\/p>\n<p>DESCRIPCI\u00d3N: Tomatodo met\u00e1lico de aluminio, resistente y ligero, con tapa de pl\u00e1stico negro y sujetador met\u00e1lico de color a juego. Perfecto para quienes buscan un producto duradero y funcional. Presentaci\u00f3n individual, embalado en una caja de cart\u00f3n blanca, asegurando un embalaje seguro y pr\u00e1ctico.<\/p>\n<hr \/>\n<p>Tomatodo de ALUMINIO, con tapa de pl\u00e1stico negro y sujetador clip de metal del color del tomatodo..                                                                                              Capacidad: 540 ml.                                                                                     Medidas: Altura: 20.5 cm. Di\u00e1metro: 6.5 cm.<br \/>\nPresentaci\u00f3n del producto:<br \/>\nIndividual, en caja de cart\u00f3n blanca.<\/p>\n<hr \/>\n","protected":false},"excerpt":{"rendered":"<p>MATERIAL: Aluminio de alta calidad, con una tapa de pl\u00e1stico negro y sujetador de clip met\u00e1lico que combina perfectamente con el color del tomatodo, ofreciendo una apariencia moderna y resistente.<\/p>\n<p>CAPACIDAD: 540 ml, ideal para mantener tus bebidas a la temperatura ideal durante m\u00e1s tiempo y con una capacidad perfecta para el uso diario.<\/p>\n<p>MEDIDAS: Altura de 20.5 cm y di\u00e1metro de 6.5 cm, con un dise\u00f1o estilizado y c\u00f3modo para llevarlo a cualquier lugar.<\/p>\n<p>DESCRIPCI\u00d3N: Tomatodo met\u00e1lico de aluminio, resistente y ligero, con tapa de pl\u00e1stico negro y sujetador met\u00e1lico de color a juego. Perfecto para quienes buscan un producto duradero y funcional. Presentaci\u00f3n individual, embalado en una caja de cart\u00f3n blanca, asegurando un embalaje seguro y pr\u00e1ctico.<\/p>\n","protected":false},"featured_media":4020,"comment_status":"closed","ping_status":"open","template":"","meta":[],"product_brand":[],"product_cat":[70],"product_tag":[],"class_list":{"0":"post-4019","1":"product","2":"type-product","3":"status-publish","4":"has-post-thumbnail","6":"product_cat-catalogo-2025","8":"first","9":"instock","10":"purchasable","11":"product-type-simple"},"_links":{"self":[{"href":"https:\/\/vasospublicitariosperu.com\/tienda\/wp-json\/wp\/v2\/product\/4019","targetHints":{"allow":["GET"]}}],"collection":[{"href":"https:\/\/vasospublicitariosperu.com\/tienda\/wp-json\/wp\/v2\/product"}],"about":[{"href":"https:\/\/vasospublicitariosperu.com\/tienda\/wp-json\/wp\/v2\/types\/product"}],"replies":[{"embeddable":true,"href":"https:\/\/vasospublicitariosperu.com\/tienda\/wp-json\/wp\/v2\/comments?post=4019"}],"wp:featuredmedia":[{"embeddable":true,"href":"https:\/\/vasospublicitariosperu.com\/tienda\/wp-json\/wp\/v2\/media\/4020"}],"wp:attachment":[{"href":"https:\/\/vasospublicitariosperu.com\/tienda\/wp-json\/wp\/v2\/media?parent=4019"}],"wp:term":[{"taxonomy":"product_brand","embeddable":true,"href":"https:\/\/vasospublicitariosperu.com\/tienda\/wp-json\/wp\/v2\/product_brand?post=4019"},{"taxonomy":"product_cat","embeddable":true,"href":"https:\/\/vasospublicitariosperu.com\/tienda\/wp-json\/wp\/v2\/product_cat?post=4019"},{"taxonomy":"product_tag","embeddable":true,"href":"https:\/\/vasospublicitariosperu.com\/tienda\/wp-json\/wp\/v2\/product_tag?post=4019"}],"curies":[{"name":"wp","href":"https:\/\/api.w.org\/{rel}","templated":true}]}}