{"id":4023,"date":"2025-05-02T12:30:59","date_gmt":"2025-05-02T17:30:59","guid":{"rendered":"https:\/\/vasospublicitariosperu.com\/tienda\/tomatodo-plastico\/"},"modified":"2026-04-10T15:28:26","modified_gmt":"2026-04-10T20:28:26","slug":"tomatodo-plastico","status":"publish","type":"product","link":"https:\/\/vasospublicitariosperu.com\/tienda\/tomatodo-plastico\/","title":{"rendered":"TOMATODO PLASTICO"},"content":{"rendered":"<p>MATERIAL: Pl\u00e1stico PC de alta calidad, con cuerpo trasl\u00facido que permite ver el contenido, y tapa con asa de color s\u00f3lido. El sorbete interior blanco agrega comodidad para el consumo de bebidas.<\/p>\n<p>CAPACIDAD: 750 ml, ideal para mantenerte hidratado con agua fr\u00eda o caliente durante el d\u00eda.<\/p>\n<p>MEDIDAS: Altura de 23.5 cm y di\u00e1metro de 7.5 cm, con un dise\u00f1o pr\u00e1ctico y ergon\u00f3mico que facilita el agarre.<\/p>\n<p>DESCRIPCI\u00d3N: Tomatodo pl\u00e1stico de 750 ml, con cuerpo trasl\u00facido, tapa con asa de color s\u00f3lido y sorbete interior blanco, adecuado para bebidas tanto calientes como fr\u00edas. Presentaci\u00f3n individual en bolsita pl\u00e1stica transparente para un embalaje pr\u00e1ctico y seguro.<\/p>\n<hr \/>\n<p>Tomatodo pl\u00e1stico PC de cuerpo de color trasl\u00facido, con tapa asa de color s\u00f3lido y sorbete interior blanco. Para agua caliente y fr\u00eda.<br \/>\nCapacidad: 750 ml.<br \/>\nMedidas: Altura: 23.5 cm. Di\u00e1metro: 7.5 cm.<br \/>\nPresentaci\u00f3n del producto:<br \/>\nIndividual, en bolsita pl\u00e1stica transparente.<\/p>\n<hr \/>\n","protected":false},"excerpt":{"rendered":"<p>MATERIAL: Pl\u00e1stico PC de alta calidad, con cuerpo trasl\u00facido que permite ver el contenido, y tapa con asa de color s\u00f3lido. El sorbete interior blanco agrega comodidad para el consumo de bebidas.<\/p>\n<p>CAPACIDAD: 750 ml, ideal para mantenerte hidratado con agua fr\u00eda o caliente durante el d\u00eda.<\/p>\n<p>MEDIDAS: Altura de 23.5 cm y di\u00e1metro de 7.5 cm, con un dise\u00f1o pr\u00e1ctico y ergon\u00f3mico que facilita el agarre.<\/p>\n<p>DESCRIPCI\u00d3N: Tomatodo pl\u00e1stico de 750 ml, con cuerpo trasl\u00facido, tapa con asa de color s\u00f3lido y sorbete interior blanco, adecuado para bebidas tanto calientes como fr\u00edas. Presentaci\u00f3n individual en bolsita pl\u00e1stica transparente para un embalaje pr\u00e1ctico y seguro.<\/p>\n","protected":false},"featured_media":4024,"comment_status":"closed","ping_status":"open","template":"","meta":[],"product_brand":[],"product_cat":[70],"product_tag":[],"class_list":{"0":"post-4023","1":"product","2":"type-product","3":"status-publish","4":"has-post-thumbnail","6":"product_cat-catalogo-2025","8":"first","9":"instock","10":"purchasable","11":"product-type-simple"},"_links":{"self":[{"href":"https:\/\/vasospublicitariosperu.com\/tienda\/wp-json\/wp\/v2\/product\/4023","targetHints":{"allow":["GET"]}}],"collection":[{"href":"https:\/\/vasospublicitariosperu.com\/tienda\/wp-json\/wp\/v2\/product"}],"about":[{"href":"https:\/\/vasospublicitariosperu.com\/tienda\/wp-json\/wp\/v2\/types\/product"}],"replies":[{"embeddable":true,"href":"https:\/\/vasospublicitariosperu.com\/tienda\/wp-json\/wp\/v2\/comments?post=4023"}],"wp:featuredmedia":[{"embeddable":true,"href":"https:\/\/vasospublicitariosperu.com\/tienda\/wp-json\/wp\/v2\/media\/4024"}],"wp:attachment":[{"href":"https:\/\/vasospublicitariosperu.com\/tienda\/wp-json\/wp\/v2\/media?parent=4023"}],"wp:term":[{"taxonomy":"product_brand","embeddable":true,"href":"https:\/\/vasospublicitariosperu.com\/tienda\/wp-json\/wp\/v2\/product_brand?post=4023"},{"taxonomy":"product_cat","embeddable":true,"href":"https:\/\/vasospublicitariosperu.com\/tienda\/wp-json\/wp\/v2\/product_cat?post=4023"},{"taxonomy":"product_tag","embeddable":true,"href":"https:\/\/vasospublicitariosperu.com\/tienda\/wp-json\/wp\/v2\/product_tag?post=4023"}],"curies":[{"name":"wp","href":"https:\/\/api.w.org\/{rel}","templated":true}]}}