{"id":4027,"date":"2025-05-02T12:30:59","date_gmt":"2025-05-02T17:30:59","guid":{"rendered":"https:\/\/vasospublicitariosperu.com\/tienda\/mug-naila\/"},"modified":"2026-04-10T15:28:26","modified_gmt":"2026-04-10T20:28:26","slug":"mug-naila","status":"publish","type":"product","link":"https:\/\/vasospublicitariosperu.com\/tienda\/mug-naila\/","title":{"rendered":"MUG NAILA"},"content":{"rendered":"<p>MATERIAL: Acero inoxidable de alta calidad con doble pared, dise\u00f1ado para mantener las bebidas fr\u00edas o calientes durante m\u00e1s tiempo. Su tapa cuenta con una pantalla digital que muestra la temperatura de la bebida.<\/p>\n<p>CAPACIDAD: 510 ml, ideal para bebidas como caf\u00e9, t\u00e9 o agua, ofreciendo una capacidad suficiente para el consumo diario.<\/p>\n<p>DESCRIPCI\u00d3N: El Mug Naila es un mug t\u00e9rmico innovador, fabricado en acero inoxidable con tecnolog\u00eda de doble pared para un aislamiento eficiente. La tapa incluye una pantalla digital de temperatura, lo que permite verificar la temperatura exacta de la bebida en cualquier momento. Perfecto para quienes buscan un producto funcional y moderno que mantenga las bebidas a la temperatura ideal.<\/p>\n<hr \/>\n<p>El Mug T\u00e9rmico con Doble Pared mantiene fr\u00edo y calor. Est\u00e1 fabricado en acero inoxidable y cuenta con una tapa con pantalla digital de temperatura. Su capacidad es de 510 ml.<\/p>\n<hr \/>\n","protected":false},"excerpt":{"rendered":"<p>MATERIAL: Acero inoxidable de alta calidad con doble pared, dise\u00f1ado para mantener las bebidas fr\u00edas o calientes durante m\u00e1s tiempo. Su tapa cuenta con una pantalla digital que muestra la temperatura de la bebida.<\/p>\n<p>CAPACIDAD: 510 ml, ideal para bebidas como caf\u00e9, t\u00e9 o agua, ofreciendo una capacidad suficiente para el consumo diario.<\/p>\n<p>DESCRIPCI\u00d3N: El Mug Naila es un mug t\u00e9rmico innovador, fabricado en acero inoxidable con tecnolog\u00eda de doble pared para un aislamiento eficiente. La tapa incluye una pantalla digital de temperatura, lo que permite verificar la temperatura exacta de la bebida en cualquier momento. Perfecto para quienes buscan un producto funcional y moderno que mantenga las bebidas a la temperatura ideal.<\/p>\n","protected":false},"featured_media":4028,"comment_status":"closed","ping_status":"open","template":"","meta":[],"product_brand":[],"product_cat":[70],"product_tag":[],"class_list":{"0":"post-4027","1":"product","2":"type-product","3":"status-publish","4":"has-post-thumbnail","6":"product_cat-catalogo-2025","8":"first","9":"instock","10":"purchasable","11":"product-type-simple"},"_links":{"self":[{"href":"https:\/\/vasospublicitariosperu.com\/tienda\/wp-json\/wp\/v2\/product\/4027","targetHints":{"allow":["GET"]}}],"collection":[{"href":"https:\/\/vasospublicitariosperu.com\/tienda\/wp-json\/wp\/v2\/product"}],"about":[{"href":"https:\/\/vasospublicitariosperu.com\/tienda\/wp-json\/wp\/v2\/types\/product"}],"replies":[{"embeddable":true,"href":"https:\/\/vasospublicitariosperu.com\/tienda\/wp-json\/wp\/v2\/comments?post=4027"}],"wp:featuredmedia":[{"embeddable":true,"href":"https:\/\/vasospublicitariosperu.com\/tienda\/wp-json\/wp\/v2\/media\/4028"}],"wp:attachment":[{"href":"https:\/\/vasospublicitariosperu.com\/tienda\/wp-json\/wp\/v2\/media?parent=4027"}],"wp:term":[{"taxonomy":"product_brand","embeddable":true,"href":"https:\/\/vasospublicitariosperu.com\/tienda\/wp-json\/wp\/v2\/product_brand?post=4027"},{"taxonomy":"product_cat","embeddable":true,"href":"https:\/\/vasospublicitariosperu.com\/tienda\/wp-json\/wp\/v2\/product_cat?post=4027"},{"taxonomy":"product_tag","embeddable":true,"href":"https:\/\/vasospublicitariosperu.com\/tienda\/wp-json\/wp\/v2\/product_tag?post=4027"}],"curies":[{"name":"wp","href":"https:\/\/api.w.org\/{rel}","templated":true}]}}