{"id":4031,"date":"2025-05-02T12:31:52","date_gmt":"2025-05-02T17:31:52","guid":{"rendered":"https:\/\/vasospublicitariosperu.com\/tienda\/mug-anisa\/"},"modified":"2026-04-10T15:28:26","modified_gmt":"2026-04-10T20:28:26","slug":"mug-anisa","status":"publish","type":"product","link":"https:\/\/vasospublicitariosperu.com\/tienda\/mug-anisa\/","title":{"rendered":"MUG ANISA"},"content":{"rendered":"<p>MATERIAL: Acero inoxidable de alta calidad con doble pared, ideal para mantener las bebidas fr\u00edas o calientes por m\u00e1s tiempo. Su tapa incluye una pantalla digital que muestra la temperatura de la bebida.<\/p>\n<p>CAPACIDAD: 510 ml, ofreciendo una cantidad perfecta para disfrutar de tu bebida favorita de forma c\u00f3moda y pr\u00e1ctica.<\/p>\n<p>DESCRIPCI\u00d3N: El Mug Anisa es un mug t\u00e9rmico avanzado, dise\u00f1ado con tecnolog\u00eda de doble pared para ofrecer aislamiento t\u00e9rmico eficiente. Su tapa con pantalla digital de temperatura te permite conocer la temperatura exacta de la bebida, brindando una experiencia m\u00e1s c\u00f3moda y segura. Ideal para quienes desean mantener sus bebidas a la temperatura ideal durante todo el d\u00eda.<\/p>\n<hr \/>\n<p>El Mug T\u00e9rmico con Doble Pared mantiene fr\u00edo y calor. Est\u00e1 fabricado en acero inoxidable y cuenta con una tapa con pantalla digital de temperatura. Su capacidad es de 510 ml.<\/p>\n<hr \/>\n","protected":false},"excerpt":{"rendered":"<p>MATERIAL: Acero inoxidable de alta calidad con doble pared, ideal para mantener las bebidas fr\u00edas o calientes por m\u00e1s tiempo. Su tapa incluye una pantalla digital que muestra la temperatura de la bebida.<\/p>\n<p>CAPACIDAD: 510 ml, ofreciendo una cantidad perfecta para disfrutar de tu bebida favorita de forma c\u00f3moda y pr\u00e1ctica.<\/p>\n<p>DESCRIPCI\u00d3N: El Mug Anisa es un mug t\u00e9rmico avanzado, dise\u00f1ado con tecnolog\u00eda de doble pared para ofrecer aislamiento t\u00e9rmico eficiente. Su tapa con pantalla digital de temperatura te permite conocer la temperatura exacta de la bebida, brindando una experiencia m\u00e1s c\u00f3moda y segura. Ideal para quienes desean mantener sus bebidas a la temperatura ideal durante todo el d\u00eda.<\/p>\n","protected":false},"featured_media":4032,"comment_status":"closed","ping_status":"open","template":"","meta":[],"product_brand":[],"product_cat":[70],"product_tag":[],"class_list":{"0":"post-4031","1":"product","2":"type-product","3":"status-publish","4":"has-post-thumbnail","6":"product_cat-catalogo-2025","8":"first","9":"instock","10":"purchasable","11":"product-type-simple"},"_links":{"self":[{"href":"https:\/\/vasospublicitariosperu.com\/tienda\/wp-json\/wp\/v2\/product\/4031","targetHints":{"allow":["GET"]}}],"collection":[{"href":"https:\/\/vasospublicitariosperu.com\/tienda\/wp-json\/wp\/v2\/product"}],"about":[{"href":"https:\/\/vasospublicitariosperu.com\/tienda\/wp-json\/wp\/v2\/types\/product"}],"replies":[{"embeddable":true,"href":"https:\/\/vasospublicitariosperu.com\/tienda\/wp-json\/wp\/v2\/comments?post=4031"}],"wp:featuredmedia":[{"embeddable":true,"href":"https:\/\/vasospublicitariosperu.com\/tienda\/wp-json\/wp\/v2\/media\/4032"}],"wp:attachment":[{"href":"https:\/\/vasospublicitariosperu.com\/tienda\/wp-json\/wp\/v2\/media?parent=4031"}],"wp:term":[{"taxonomy":"product_brand","embeddable":true,"href":"https:\/\/vasospublicitariosperu.com\/tienda\/wp-json\/wp\/v2\/product_brand?post=4031"},{"taxonomy":"product_cat","embeddable":true,"href":"https:\/\/vasospublicitariosperu.com\/tienda\/wp-json\/wp\/v2\/product_cat?post=4031"},{"taxonomy":"product_tag","embeddable":true,"href":"https:\/\/vasospublicitariosperu.com\/tienda\/wp-json\/wp\/v2\/product_tag?post=4031"}],"curies":[{"name":"wp","href":"https:\/\/api.w.org\/{rel}","templated":true}]}}