{"id":4035,"date":"2025-05-02T12:31:52","date_gmt":"2025-05-02T17:31:52","guid":{"rendered":"https:\/\/vasospublicitariosperu.com\/tienda\/tomatodo-ecologico-deportivo-750-ml\/"},"modified":"2026-04-10T15:28:26","modified_gmt":"2026-04-10T20:28:26","slug":"tomatodo-ecologico-deportivo-750-ml","status":"publish","type":"product","link":"https:\/\/vasospublicitariosperu.com\/tienda\/tomatodo-ecologico-deportivo-750-ml\/","title":{"rendered":"TOMATODO ECOLOGICO DEPORTIVO 750 ML"},"content":{"rendered":"<p>MATERIAL: Pl\u00e1stico reciclado de alta calidad, libre de BPA, lo que lo convierte en una opci\u00f3n ecol\u00f3gica y segura para el consumo de bebidas. El tomatodo cuenta con una tapa color negro y sujetador a juego, brindando un dise\u00f1o funcional y moderno.<\/p>\n<p>CAPACIDAD: 750 ml, ideal para mantenerte hidratado durante actividades deportivas o en el d\u00eda a d\u00eda.<\/p>\n<p>DESCRIPCI\u00d3N: El Tomatodo Ecol\u00f3gico Deportivo de 750 ml es una opci\u00f3n responsable y pr\u00e1ctica para aquellos que buscan reducir su huella ambiental. Hecho de pl\u00e1stico reciclado y libre de BPA, este tomatodo es perfecto para quienes desean llevar una opci\u00f3n ecol\u00f3gica sin comprometer la funcionalidad. Su dise\u00f1o incluye una tapa negra y un sujetador, asegurando comodidad en su uso diario.<\/p>\n<hr \/>\n<p>El Tomatodo Ecol\u00f3gico Color Nude con tapa color negro y sujetador tiene una capacidad de 750 ml, es libre de BPA y est\u00e1 hecho de pl\u00e1stico reciclado.<\/p>\n<hr \/>\n","protected":false},"excerpt":{"rendered":"<p>MATERIAL: Pl\u00e1stico reciclado de alta calidad, libre de BPA, lo que lo convierte en una opci\u00f3n ecol\u00f3gica y segura para el consumo de bebidas. El tomatodo cuenta con una tapa color negro y sujetador a juego, brindando un dise\u00f1o funcional y moderno.<\/p>\n<p>CAPACIDAD: 750 ml, ideal para mantenerte hidratado durante actividades deportivas o en el d\u00eda a d\u00eda.<\/p>\n<p>DESCRIPCI\u00d3N: El Tomatodo Ecol\u00f3gico Deportivo de 750 ml es una opci\u00f3n responsable y pr\u00e1ctica para aquellos que buscan reducir su huella ambiental. Hecho de pl\u00e1stico reciclado y libre de BPA, este tomatodo es perfecto para quienes desean llevar una opci\u00f3n ecol\u00f3gica sin comprometer la funcionalidad. Su dise\u00f1o incluye una tapa negra y un sujetador, asegurando comodidad en su uso diario.<\/p>\n","protected":false},"featured_media":4036,"comment_status":"closed","ping_status":"open","template":"","meta":[],"product_brand":[],"product_cat":[70],"product_tag":[],"class_list":{"0":"post-4035","1":"product","2":"type-product","3":"status-publish","4":"has-post-thumbnail","6":"product_cat-catalogo-2025","8":"first","9":"instock","10":"purchasable","11":"product-type-simple"},"_links":{"self":[{"href":"https:\/\/vasospublicitariosperu.com\/tienda\/wp-json\/wp\/v2\/product\/4035","targetHints":{"allow":["GET"]}}],"collection":[{"href":"https:\/\/vasospublicitariosperu.com\/tienda\/wp-json\/wp\/v2\/product"}],"about":[{"href":"https:\/\/vasospublicitariosperu.com\/tienda\/wp-json\/wp\/v2\/types\/product"}],"replies":[{"embeddable":true,"href":"https:\/\/vasospublicitariosperu.com\/tienda\/wp-json\/wp\/v2\/comments?post=4035"}],"wp:featuredmedia":[{"embeddable":true,"href":"https:\/\/vasospublicitariosperu.com\/tienda\/wp-json\/wp\/v2\/media\/4036"}],"wp:attachment":[{"href":"https:\/\/vasospublicitariosperu.com\/tienda\/wp-json\/wp\/v2\/media?parent=4035"}],"wp:term":[{"taxonomy":"product_brand","embeddable":true,"href":"https:\/\/vasospublicitariosperu.com\/tienda\/wp-json\/wp\/v2\/product_brand?post=4035"},{"taxonomy":"product_cat","embeddable":true,"href":"https:\/\/vasospublicitariosperu.com\/tienda\/wp-json\/wp\/v2\/product_cat?post=4035"},{"taxonomy":"product_tag","embeddable":true,"href":"https:\/\/vasospublicitariosperu.com\/tienda\/wp-json\/wp\/v2\/product_tag?post=4035"}],"curies":[{"name":"wp","href":"https:\/\/api.w.org\/{rel}","templated":true}]}}