{"id":4039,"date":"2025-05-02T12:31:52","date_gmt":"2025-05-02T17:31:52","guid":{"rendered":"https:\/\/vasospublicitariosperu.com\/tienda\/mug-eco-friendly-450-ml\/"},"modified":"2026-04-10T15:28:26","modified_gmt":"2026-04-10T20:28:26","slug":"mug-eco-friendly-450-ml","status":"publish","type":"product","link":"https:\/\/vasospublicitariosperu.com\/tienda\/mug-eco-friendly-450-ml\/","title":{"rendered":"MUG ECO FRIENDLY 450 ML"},"content":{"rendered":"<p>MATERIAL: Fabricado en pl\u00e1stico reciclado, el Mug Eco Friendly es una opci\u00f3n sostenible para quienes buscan cuidar el medio ambiente sin sacrificar funcionalidad. Es apto para bebidas tanto calientes como fr\u00edas.<\/p>\n<p>CAPACIDAD: 450 ml, ideal para disfrutar de tu bebida favorita en cualquier momento del d\u00eda.<\/p>\n<p>MEDIDAS: Altura de 13.5 cm, con un di\u00e1metro de base de 6.3 cm y un di\u00e1metro de tapa de 9.2 cm, proporcionando un dise\u00f1o ergon\u00f3mico y f\u00e1cil de usar.<\/p>\n<p>DESCRIPCI\u00d3N: El Mug Eco Friendly de 450 ml es perfecto para quienes buscan una alternativa ecol\u00f3gica en su rutina diaria. Hecho de pl\u00e1stico reciclado, es apto para bebidas calientes y fr\u00edas. Con un dise\u00f1o pr\u00e1ctico y c\u00f3modo, sus dimensiones permiten un agarre seguro y una tapa adecuada para su transporte. Ideal para quienes desean reducir su impacto ambiental sin renunciar a la calidad.<\/p>\n<hr \/>\n<p>El Mug Eco Friendly Color Natural, apto para bebidas calientes y fr\u00edas, tiene una capacidad de 450 ml. Sus dimensiones son 13.5 cm de alto, 6.3 cm de di\u00e1metro de base y 9.2 cm de di\u00e1metro de tapa. Est\u00e1 fabricado en pl\u00e1stico reciclado.<\/p>\n<hr \/>\n","protected":false},"excerpt":{"rendered":"<p>MATERIAL: Fabricado en pl\u00e1stico reciclado, el Mug Eco Friendly es una opci\u00f3n sostenible para quienes buscan cuidar el medio ambiente sin sacrificar funcionalidad. Es apto para bebidas tanto calientes como fr\u00edas.<\/p>\n<p>CAPACIDAD: 450 ml, ideal para disfrutar de tu bebida favorita en cualquier momento del d\u00eda.<\/p>\n<p>MEDIDAS: Altura de 13.5 cm, con un di\u00e1metro de base de 6.3 cm y un di\u00e1metro de tapa de 9.2 cm, proporcionando un dise\u00f1o ergon\u00f3mico y f\u00e1cil de usar.<\/p>\n<p>DESCRIPCI\u00d3N: El Mug Eco Friendly de 450 ml es perfecto para quienes buscan una alternativa ecol\u00f3gica en su rutina diaria. Hecho de pl\u00e1stico reciclado, es apto para bebidas calientes y fr\u00edas. Con un dise\u00f1o pr\u00e1ctico y c\u00f3modo, sus dimensiones permiten un agarre seguro y una tapa adecuada para su transporte. Ideal para quienes desean reducir su impacto ambiental sin renunciar a la calidad.<\/p>\n","protected":false},"featured_media":4040,"comment_status":"closed","ping_status":"open","template":"","meta":[],"product_brand":[],"product_cat":[70],"product_tag":[],"class_list":{"0":"post-4039","1":"product","2":"type-product","3":"status-publish","4":"has-post-thumbnail","6":"product_cat-catalogo-2025","8":"first","9":"instock","10":"purchasable","11":"product-type-simple"},"_links":{"self":[{"href":"https:\/\/vasospublicitariosperu.com\/tienda\/wp-json\/wp\/v2\/product\/4039","targetHints":{"allow":["GET"]}}],"collection":[{"href":"https:\/\/vasospublicitariosperu.com\/tienda\/wp-json\/wp\/v2\/product"}],"about":[{"href":"https:\/\/vasospublicitariosperu.com\/tienda\/wp-json\/wp\/v2\/types\/product"}],"replies":[{"embeddable":true,"href":"https:\/\/vasospublicitariosperu.com\/tienda\/wp-json\/wp\/v2\/comments?post=4039"}],"wp:featuredmedia":[{"embeddable":true,"href":"https:\/\/vasospublicitariosperu.com\/tienda\/wp-json\/wp\/v2\/media\/4040"}],"wp:attachment":[{"href":"https:\/\/vasospublicitariosperu.com\/tienda\/wp-json\/wp\/v2\/media?parent=4039"}],"wp:term":[{"taxonomy":"product_brand","embeddable":true,"href":"https:\/\/vasospublicitariosperu.com\/tienda\/wp-json\/wp\/v2\/product_brand?post=4039"},{"taxonomy":"product_cat","embeddable":true,"href":"https:\/\/vasospublicitariosperu.com\/tienda\/wp-json\/wp\/v2\/product_cat?post=4039"},{"taxonomy":"product_tag","embeddable":true,"href":"https:\/\/vasospublicitariosperu.com\/tienda\/wp-json\/wp\/v2\/product_tag?post=4039"}],"curies":[{"name":"wp","href":"https:\/\/api.w.org\/{rel}","templated":true}]}}