{"id":4047,"date":"2025-05-02T12:31:52","date_gmt":"2025-05-02T17:31:52","guid":{"rendered":"https:\/\/vasospublicitariosperu.com\/tienda\/tomatodo-de-vidrio-tipo-tubular\/"},"modified":"2026-04-10T15:28:26","modified_gmt":"2026-04-10T20:28:26","slug":"tomatodo-de-vidrio-tipo-tubular","status":"publish","type":"product","link":"https:\/\/vasospublicitariosperu.com\/tienda\/tomatodo-de-vidrio-tipo-tubular\/","title":{"rendered":"TOMATODO DE VIDRIO TIPO TUBULAR"},"content":{"rendered":"<p>MATERIAL: Vidrio de alta calidad con un elegante recubrimiento de bamb\u00fa, ofreciendo un dise\u00f1o natural y moderno que mantiene las bebidas fr\u00edas o calientes por m\u00e1s tiempo.<\/p>\n<p>CAPACIDAD: 550 ml, perfecto para disfrutar de tus bebidas preferidas a lo largo del d\u00eda.<\/p>\n<p>MEDIDAS: 24 cm de altura y 7 cm de di\u00e1metro, ideal para un agarre c\u00f3modo y f\u00e1cil transporte.<\/p>\n<p>USO: Apto para bebidas fr\u00edas o calientes, convirti\u00e9ndolo en una opci\u00f3n vers\u00e1til para cualquier momento del d\u00eda.<\/p>\n<p>DESCRIPCI\u00d3N: El Tomatodo de Vidrio Tipo Tubular combina la elegancia del vidrio con la sostenibilidad del bamb\u00fa. Con una capacidad de 550 ml, es perfecto para quienes buscan una alternativa ecol\u00f3gica y funcional. Sus medidas permiten un uso c\u00f3modo y pr\u00e1ctico, mientras que su recubrimiento de bamb\u00fa aporta un toque natural y moderno al dise\u00f1o.<\/p>\n<hr \/>\n<p>Descripci\u00f3n: Botella de vidrio con recubrimiento de bamboo                                                                                                        Capacidad: de 550 ml                                                                                               Uso: para agua fria y caliente                                                                Medidas: 24cm x 7cm diametro<\/p>\n<hr \/>\n","protected":false},"excerpt":{"rendered":"<p>MATERIAL: Vidrio de alta calidad con un elegante recubrimiento de bamb\u00fa, ofreciendo un dise\u00f1o natural y moderno que mantiene las bebidas fr\u00edas o calientes por m\u00e1s tiempo.<\/p>\n<p>CAPACIDAD: 550 ml, perfecto para disfrutar de tus bebidas preferidas a lo largo del d\u00eda.<\/p>\n<p>MEDIDAS: 24 cm de altura y 7 cm de di\u00e1metro, ideal para un agarre c\u00f3modo y f\u00e1cil transporte.<\/p>\n<p>USO: Apto para bebidas fr\u00edas o calientes, convirti\u00e9ndolo en una opci\u00f3n vers\u00e1til para cualquier momento del d\u00eda.<\/p>\n<p>DESCRIPCI\u00d3N: El Tomatodo de Vidrio Tipo Tubular combina la elegancia del vidrio con la sostenibilidad del bamb\u00fa. Con una capacidad de 550 ml, es perfecto para quienes buscan una alternativa ecol\u00f3gica y funcional. Sus medidas permiten un uso c\u00f3modo y pr\u00e1ctico, mientras que su recubrimiento de bamb\u00fa aporta un toque natural y moderno al dise\u00f1o.<\/p>\n","protected":false},"featured_media":4048,"comment_status":"closed","ping_status":"open","template":"","meta":[],"product_brand":[],"product_cat":[70],"product_tag":[],"class_list":{"0":"post-4047","1":"product","2":"type-product","3":"status-publish","4":"has-post-thumbnail","6":"product_cat-catalogo-2025","8":"first","9":"instock","10":"purchasable","11":"product-type-simple"},"_links":{"self":[{"href":"https:\/\/vasospublicitariosperu.com\/tienda\/wp-json\/wp\/v2\/product\/4047","targetHints":{"allow":["GET"]}}],"collection":[{"href":"https:\/\/vasospublicitariosperu.com\/tienda\/wp-json\/wp\/v2\/product"}],"about":[{"href":"https:\/\/vasospublicitariosperu.com\/tienda\/wp-json\/wp\/v2\/types\/product"}],"replies":[{"embeddable":true,"href":"https:\/\/vasospublicitariosperu.com\/tienda\/wp-json\/wp\/v2\/comments?post=4047"}],"wp:featuredmedia":[{"embeddable":true,"href":"https:\/\/vasospublicitariosperu.com\/tienda\/wp-json\/wp\/v2\/media\/4048"}],"wp:attachment":[{"href":"https:\/\/vasospublicitariosperu.com\/tienda\/wp-json\/wp\/v2\/media?parent=4047"}],"wp:term":[{"taxonomy":"product_brand","embeddable":true,"href":"https:\/\/vasospublicitariosperu.com\/tienda\/wp-json\/wp\/v2\/product_brand?post=4047"},{"taxonomy":"product_cat","embeddable":true,"href":"https:\/\/vasospublicitariosperu.com\/tienda\/wp-json\/wp\/v2\/product_cat?post=4047"},{"taxonomy":"product_tag","embeddable":true,"href":"https:\/\/vasospublicitariosperu.com\/tienda\/wp-json\/wp\/v2\/product_tag?post=4047"}],"curies":[{"name":"wp","href":"https:\/\/api.w.org\/{rel}","templated":true}]}}