{"id":4051,"date":"2025-05-02T12:32:46","date_gmt":"2025-05-02T17:32:46","guid":{"rendered":"https:\/\/vasospublicitariosperu.com\/tienda\/tomatodo-eco-trigo\/"},"modified":"2026-04-10T15:28:26","modified_gmt":"2026-04-10T20:28:26","slug":"tomatodo-eco-trigo","status":"publish","type":"product","link":"https:\/\/vasospublicitariosperu.com\/tienda\/tomatodo-eco-trigo\/","title":{"rendered":"TOMATODO ECO TRIGO"},"content":{"rendered":"<p>MATERIAL: Fabricado en fibra de trigo, un material ecol\u00f3gico y sostenible que contribuye a reducir el impacto ambiental, siendo una excelente opci\u00f3n para quienes buscan productos m\u00e1s responsables.<\/p>\n<p>CAPACIDAD: 600 ml, ideal para mantenerte hidratado durante el d\u00eda.<\/p>\n<p>MEDIDAS: 21.2 cm de altura y 6.4 cm de di\u00e1metro, proporcionando un tama\u00f1o c\u00f3modo y f\u00e1cil de manejar.<\/p>\n<p>TAPA: Incluye una tapa de metal con rosca y jalador, dise\u00f1ada para evitar derrames, lo que lo hace antigoteo y perfecto para llevarlo contigo a cualquier lugar sin preocupaciones.<\/p>\n<p>DESCRIPCI\u00d3N: El Tomatodo Eco Trigo de 600 ml es una opci\u00f3n perfecta para quienes buscan un producto ecol\u00f3gico y funcional. Hecho de fibra de trigo, este tomatodo es resistente y vers\u00e1til, ideal para bebidas fr\u00edas o calientes. Su tapa antigoteo lo convierte en una opci\u00f3n segura para transportar l\u00edquidos sin riesgo de derrames.<\/p>\n<hr \/>\n<p>Fabricado en fibra de trigo, tiene una capacidad de 600 ml y mide 21.2 cm x 6.4 cm de di\u00e1metro. Cuenta con una tapa de metal con rosca y jalador y es antigoteo.<\/p>\n<hr \/>\n","protected":false},"excerpt":{"rendered":"<p>MATERIAL: Fabricado en fibra de trigo, un material ecol\u00f3gico y sostenible que contribuye a reducir el impacto ambiental, siendo una excelente opci\u00f3n para quienes buscan productos m\u00e1s responsables.<\/p>\n<p>CAPACIDAD: 600 ml, ideal para mantenerte hidratado durante el d\u00eda.<\/p>\n<p>MEDIDAS: 21.2 cm de altura y 6.4 cm de di\u00e1metro, proporcionando un tama\u00f1o c\u00f3modo y f\u00e1cil de manejar.<\/p>\n<p>TAPA: Incluye una tapa de metal con rosca y jalador, dise\u00f1ada para evitar derrames, lo que lo hace antigoteo y perfecto para llevarlo contigo a cualquier lugar sin preocupaciones.<\/p>\n<p>DESCRIPCI\u00d3N: El Tomatodo Eco Trigo de 600 ml es una opci\u00f3n perfecta para quienes buscan un producto ecol\u00f3gico y funcional. Hecho de fibra de trigo, este tomatodo es resistente y vers\u00e1til, ideal para bebidas fr\u00edas o calientes. Su tapa antigoteo lo convierte en una opci\u00f3n segura para transportar l\u00edquidos sin riesgo de derrames.<\/p>\n","protected":false},"featured_media":4052,"comment_status":"closed","ping_status":"open","template":"","meta":[],"product_brand":[],"product_cat":[70],"product_tag":[],"class_list":{"0":"post-4051","1":"product","2":"type-product","3":"status-publish","4":"has-post-thumbnail","6":"product_cat-catalogo-2025","8":"first","9":"instock","10":"purchasable","11":"product-type-simple"},"_links":{"self":[{"href":"https:\/\/vasospublicitariosperu.com\/tienda\/wp-json\/wp\/v2\/product\/4051","targetHints":{"allow":["GET"]}}],"collection":[{"href":"https:\/\/vasospublicitariosperu.com\/tienda\/wp-json\/wp\/v2\/product"}],"about":[{"href":"https:\/\/vasospublicitariosperu.com\/tienda\/wp-json\/wp\/v2\/types\/product"}],"replies":[{"embeddable":true,"href":"https:\/\/vasospublicitariosperu.com\/tienda\/wp-json\/wp\/v2\/comments?post=4051"}],"wp:featuredmedia":[{"embeddable":true,"href":"https:\/\/vasospublicitariosperu.com\/tienda\/wp-json\/wp\/v2\/media\/4052"}],"wp:attachment":[{"href":"https:\/\/vasospublicitariosperu.com\/tienda\/wp-json\/wp\/v2\/media?parent=4051"}],"wp:term":[{"taxonomy":"product_brand","embeddable":true,"href":"https:\/\/vasospublicitariosperu.com\/tienda\/wp-json\/wp\/v2\/product_brand?post=4051"},{"taxonomy":"product_cat","embeddable":true,"href":"https:\/\/vasospublicitariosperu.com\/tienda\/wp-json\/wp\/v2\/product_cat?post=4051"},{"taxonomy":"product_tag","embeddable":true,"href":"https:\/\/vasospublicitariosperu.com\/tienda\/wp-json\/wp\/v2\/product_tag?post=4051"}],"curies":[{"name":"wp","href":"https:\/\/api.w.org\/{rel}","templated":true}]}}