{"id":4055,"date":"2025-05-02T12:32:46","date_gmt":"2025-05-02T17:32:46","guid":{"rendered":"https:\/\/vasospublicitariosperu.com\/tienda\/tomatodo-de-vidrio-tapa-botella\/"},"modified":"2026-04-10T15:28:26","modified_gmt":"2026-04-10T20:28:26","slug":"tomatodo-de-vidrio-tapa-botella","status":"publish","type":"product","link":"https:\/\/vasospublicitariosperu.com\/tienda\/tomatodo-de-vidrio-tapa-botella\/","title":{"rendered":"TOMATODO DE VIDRIO TAPA BOTELLA"},"content":{"rendered":"<p>MATERIAL: Vidrio de alta calidad con un elegante recubrimiento de bamb\u00fa, combinando un dise\u00f1o moderno y natural que ofrece una opci\u00f3n ecol\u00f3gica y duradera.<\/p>\n<p>CAPACIDAD: 550 ml, perfecto para mantener la hidrataci\u00f3n durante el d\u00eda.<\/p>\n<p>MEDIDAS: 24.8 cm de altura y 7 cm de di\u00e1metro, ofreciendo una forma pr\u00e1ctica y c\u00f3moda para llevar a cualquier lugar.<\/p>\n<p>USO: Apto para bebidas fr\u00edas o calientes, brindando versatilidad para disfrutar de tus bebidas favoritas en cualquier momento.<\/p>\n<p>DESCRIPCI\u00d3N: El Tomatodo de Vidrio Tapa Botella, con 550 ml de capacidad, es ideal para quienes buscan una opci\u00f3n ecol\u00f3gica y funcional. El recubrimiento de bamb\u00fa no solo mejora la est\u00e9tica del producto, sino que tambi\u00e9n le otorga una resistencia natural. Con un dise\u00f1o pr\u00e1ctico, es perfecto para agua fr\u00eda o caliente y cuenta con un tama\u00f1o adecuado para un f\u00e1cil transporte.<\/p>\n<hr \/>\n<p>Descripci\u00f3n: Botella de vidrio con recubrimiento de bamboo                                                                                                        Capacidad: de 550 ml                                                                                               Uso: para agua fria y caliente                                                  Medidas: 24.8cm x 7cm diametro<\/p>\n<hr \/>\n","protected":false},"excerpt":{"rendered":"<p>MATERIAL: Vidrio de alta calidad con un elegante recubrimiento de bamb\u00fa, combinando un dise\u00f1o moderno y natural que ofrece una opci\u00f3n ecol\u00f3gica y duradera.<\/p>\n<p>CAPACIDAD: 550 ml, perfecto para mantener la hidrataci\u00f3n durante el d\u00eda.<\/p>\n<p>MEDIDAS: 24.8 cm de altura y 7 cm de di\u00e1metro, ofreciendo una forma pr\u00e1ctica y c\u00f3moda para llevar a cualquier lugar.<\/p>\n<p>USO: Apto para bebidas fr\u00edas o calientes, brindando versatilidad para disfrutar de tus bebidas favoritas en cualquier momento.<\/p>\n<p>DESCRIPCI\u00d3N: El Tomatodo de Vidrio Tapa Botella, con 550 ml de capacidad, es ideal para quienes buscan una opci\u00f3n ecol\u00f3gica y funcional. El recubrimiento de bamb\u00fa no solo mejora la est\u00e9tica del producto, sino que tambi\u00e9n le otorga una resistencia natural. Con un dise\u00f1o pr\u00e1ctico, es perfecto para agua fr\u00eda o caliente y cuenta con un tama\u00f1o adecuado para un f\u00e1cil transporte.<\/p>\n","protected":false},"featured_media":4056,"comment_status":"closed","ping_status":"open","template":"","meta":[],"product_brand":[],"product_cat":[70],"product_tag":[],"class_list":{"0":"post-4055","1":"product","2":"type-product","3":"status-publish","4":"has-post-thumbnail","6":"product_cat-catalogo-2025","8":"first","9":"instock","10":"purchasable","11":"product-type-simple"},"_links":{"self":[{"href":"https:\/\/vasospublicitariosperu.com\/tienda\/wp-json\/wp\/v2\/product\/4055","targetHints":{"allow":["GET"]}}],"collection":[{"href":"https:\/\/vasospublicitariosperu.com\/tienda\/wp-json\/wp\/v2\/product"}],"about":[{"href":"https:\/\/vasospublicitariosperu.com\/tienda\/wp-json\/wp\/v2\/types\/product"}],"replies":[{"embeddable":true,"href":"https:\/\/vasospublicitariosperu.com\/tienda\/wp-json\/wp\/v2\/comments?post=4055"}],"wp:featuredmedia":[{"embeddable":true,"href":"https:\/\/vasospublicitariosperu.com\/tienda\/wp-json\/wp\/v2\/media\/4056"}],"wp:attachment":[{"href":"https:\/\/vasospublicitariosperu.com\/tienda\/wp-json\/wp\/v2\/media?parent=4055"}],"wp:term":[{"taxonomy":"product_brand","embeddable":true,"href":"https:\/\/vasospublicitariosperu.com\/tienda\/wp-json\/wp\/v2\/product_brand?post=4055"},{"taxonomy":"product_cat","embeddable":true,"href":"https:\/\/vasospublicitariosperu.com\/tienda\/wp-json\/wp\/v2\/product_cat?post=4055"},{"taxonomy":"product_tag","embeddable":true,"href":"https:\/\/vasospublicitariosperu.com\/tienda\/wp-json\/wp\/v2\/product_tag?post=4055"}],"curies":[{"name":"wp","href":"https:\/\/api.w.org\/{rel}","templated":true}]}}